{"id":167803,"date":"2022-02-01T11:43:32","date_gmt":"2022-02-01T10:43:32","guid":{"rendered":"http:\/\/sdih-sn.com.c51.previewmysite.eu\/?page_id=167803"},"modified":"2022-02-01T11:43:32","modified_gmt":"2022-02-01T10:43:32","slug":"vente","status":"publish","type":"page","link":"http:\/\/sdih-sn.com.c51.previewmysite.eu\/?page_id=167803","title":{"rendered":"Vente"},"content":{"rendered":"<div>Forte de son exp\u00e9rience dans les m\u00e9tiers de la Gestion Immobili\u00e8re et de sa connaissance du march\u00e9 s\u00e9n\u00e9galais de l&#8217;immobilier, la SDIH a souhait\u00e9, pour r\u00e9pondre \u00e0 la demande croissante de ses clients, cr\u00e9er un v\u00e9ritable espace d\u00e9di\u00e9 \u00e0 la transaction immobili\u00e8re.<\/div>\n<div><\/div>\n<div>Nous offrons \u00e0 nos clients un service de qualit\u00e9 pour la vente de tous les types de biens. Du studio pour investisseur au bel appartement, jusqu&#8217;\u00e0 la maison bourgeoise.<\/div>\n<div><\/div>\n<div>Nos engagements:<\/div>\n<div><\/div>\n<div>\n<blockquote class=\"tr_bq\">\n<ul>\n<li><b><i>Un suivi personnalis\u00e9 aupr\u00e8s des acqu\u00e9reurs et des vendeurs;<\/i><\/b><\/li>\n<\/ul>\n<ul>\n<li><b><i>Des conseils techniques, juridiques et fiscaux;<\/i><\/b><\/li>\n<\/ul>\n<ul>\n<li><b><i>Une parfaite connaissance du march\u00e9;<\/i><\/b><\/li>\n<\/ul>\n<ul>\n<li><b><i>Une r\u00e9activit\u00e9 et une disponibilit\u00e9;<\/i><\/b><\/li>\n<\/ul>\n<ul>\n<li><b><i>Une \u00e9quipe commerciale stable, exp\u00e9riment\u00e9e et salari\u00e9e.<\/i><\/b><\/li>\n<\/ul>\n<\/blockquote>\n<\/div>\n","protected":false},"excerpt":{"rendered":"<p>Forte de son exp\u00e9rience dans les m\u00e9tiers de la Gestion Immobili\u00e8re et de sa connaissance du march\u00e9 s\u00e9n\u00e9galais de l&#8217;immobilier, la SDIH a souhait\u00e9, pour r\u00e9pondre \u00e0 la demande croissante de ses clients, cr\u00e9er un v\u00e9ritable espace d\u00e9di\u00e9 \u00e0 la transaction immobili\u00e8re. Nous offrons \u00e0 nos clients un service de qualit\u00e9 pour la vente de [&hellip;]<\/p>\n","protected":false},"author":1,"featured_media":0,"parent":0,"menu_order":0,"comment_status":"closed","ping_status":"closed","template":"","meta":{"footnotes":""},"class_list":["post-167803","page","type-page","status-publish","hentry"],"_links":{"self":[{"href":"http:\/\/sdih-sn.com.c51.previewmysite.eu\/index.php?rest_route=\/wp\/v2\/pages\/167803","targetHints":{"allow":["GET"]}}],"collection":[{"href":"http:\/\/sdih-sn.com.c51.previewmysite.eu\/index.php?rest_route=\/wp\/v2\/pages"}],"about":[{"href":"http:\/\/sdih-sn.com.c51.previewmysite.eu\/index.php?rest_route=\/wp\/v2\/types\/page"}],"author":[{"embeddable":true,"href":"http:\/\/sdih-sn.com.c51.previewmysite.eu\/index.php?rest_route=\/wp\/v2\/users\/1"}],"replies":[{"embeddable":true,"href":"http:\/\/sdih-sn.com.c51.previewmysite.eu\/index.php?rest_route=%2Fwp%2Fv2%2Fcomments&post=167803"}],"version-history":[{"count":1,"href":"http:\/\/sdih-sn.com.c51.previewmysite.eu\/index.php?rest_route=\/wp\/v2\/pages\/167803\/revisions"}],"predecessor-version":[{"id":167804,"href":"http:\/\/sdih-sn.com.c51.previewmysite.eu\/index.php?rest_route=\/wp\/v2\/pages\/167803\/revisions\/167804"}],"wp:attachment":[{"href":"http:\/\/sdih-sn.com.c51.previewmysite.eu\/index.php?rest_route=%2Fwp%2Fv2%2Fmedia&parent=167803"}],"curies":[{"name":"wp","href":"https:\/\/api.w.org\/{rel}","templated":true}]}}