{"id":167805,"date":"2022-02-01T11:45:12","date_gmt":"2022-02-01T10:45:12","guid":{"rendered":"http:\/\/sdih-sn.com.c51.previewmysite.eu\/?page_id=167805"},"modified":"2022-02-01T11:45:12","modified_gmt":"2022-02-01T10:45:12","slug":"location","status":"publish","type":"page","link":"http:\/\/sdih-sn.com.c51.previewmysite.eu\/?page_id=167805","title":{"rendered":"Location"},"content":{"rendered":"<div>La SDIH est, du fait de son exp\u00e9rience, l&#8217;un des sp\u00e9cialistes de la Gestion Locative \u00e0 Dakar et plus globalement au S\u00e9n\u00e9gal.<\/div>\n<div>Que vous soyez propri\u00e9taire ou locataire, nos \u00e9quipes s&#8217;efforcent tous les jours de r\u00e9pondre \u00e0 vos attentes dans les meilleurs d\u00e9lais et nous nous assurons que nos collaborateurs respectent nos engagements, qui sont:<br \/>\n<b><i><br \/>\n<\/i><\/b><\/p>\n<blockquote class=\"tr_bq\">\n<ul>\n<li><b><i>Disponibilit\u00e9 et r\u00e9activit\u00e9 des \u00e9quipes (suivi commercial et technique);<\/i><\/b><\/li>\n<\/ul>\n<ul>\n<li><b><i>Conseil personnalis\u00e9 pour la demande des futurs locataires;<\/i><\/b><\/li>\n<\/ul>\n<ul>\n<li><b><i>Communication permanente avec les propri\u00e9taires et les locataires;<\/i><\/b><\/li>\n<\/ul>\n<ul>\n<li><b><i>Rigueur et transparence dans la gestion comptable;<\/i><\/b><\/li>\n<\/ul>\n<ul>\n<li><b><i>Respect des dispositions l\u00e9gales et r\u00e9glementaires;<\/i><\/b><\/li>\n<\/ul>\n<ul>\n<li><b><i>Impartialit\u00e9 dans le traitement des fournisseurs;<\/i><\/b><\/li>\n<\/ul>\n<ul>\n<li><b><i>Garantir des logements au prix du march\u00e9;<\/i><\/b><\/li>\n<\/ul>\n<ul>\n<li><b><i>Assurer une information d\u00e9taill\u00e9e lors des visites;<\/i><\/b><\/li>\n<\/ul>\n<ul>\n<li><b><i>Proposer des biens en bon \u00e9tant et en exclusivit\u00e9.<\/i><\/b><\/li>\n<\/ul>\n<\/blockquote>\n<\/div>\n","protected":false},"excerpt":{"rendered":"<p>La SDIH est, du fait de son exp\u00e9rience, l&#8217;un des sp\u00e9cialistes de la Gestion Locative \u00e0 Dakar et plus globalement au S\u00e9n\u00e9gal. Que vous soyez propri\u00e9taire ou locataire, nos \u00e9quipes s&#8217;efforcent tous les jours de r\u00e9pondre \u00e0 vos attentes dans les meilleurs d\u00e9lais et nous nous assurons que nos collaborateurs respectent nos engagements, qui sont: [&hellip;]<\/p>\n","protected":false},"author":1,"featured_media":0,"parent":0,"menu_order":0,"comment_status":"closed","ping_status":"closed","template":"","meta":{"footnotes":""},"class_list":["post-167805","page","type-page","status-publish","hentry"],"_links":{"self":[{"href":"http:\/\/sdih-sn.com.c51.previewmysite.eu\/index.php?rest_route=\/wp\/v2\/pages\/167805","targetHints":{"allow":["GET"]}}],"collection":[{"href":"http:\/\/sdih-sn.com.c51.previewmysite.eu\/index.php?rest_route=\/wp\/v2\/pages"}],"about":[{"href":"http:\/\/sdih-sn.com.c51.previewmysite.eu\/index.php?rest_route=\/wp\/v2\/types\/page"}],"author":[{"embeddable":true,"href":"http:\/\/sdih-sn.com.c51.previewmysite.eu\/index.php?rest_route=\/wp\/v2\/users\/1"}],"replies":[{"embeddable":true,"href":"http:\/\/sdih-sn.com.c51.previewmysite.eu\/index.php?rest_route=%2Fwp%2Fv2%2Fcomments&post=167805"}],"version-history":[{"count":1,"href":"http:\/\/sdih-sn.com.c51.previewmysite.eu\/index.php?rest_route=\/wp\/v2\/pages\/167805\/revisions"}],"predecessor-version":[{"id":167806,"href":"http:\/\/sdih-sn.com.c51.previewmysite.eu\/index.php?rest_route=\/wp\/v2\/pages\/167805\/revisions\/167806"}],"wp:attachment":[{"href":"http:\/\/sdih-sn.com.c51.previewmysite.eu\/index.php?rest_route=%2Fwp%2Fv2%2Fmedia&parent=167805"}],"curies":[{"name":"wp","href":"https:\/\/api.w.org\/{rel}","templated":true}]}}