{"id":167852,"date":"2022-02-01T13:07:38","date_gmt":"2022-02-01T12:07:38","guid":{"rendered":"http:\/\/sdih-sn.com.c51.previewmysite.eu\/?page_id=167852"},"modified":"2022-02-01T13:08:30","modified_gmt":"2022-02-01T12:08:30","slug":"valeur-engagement","status":"publish","type":"page","link":"http:\/\/sdih-sn.com.c51.previewmysite.eu\/?page_id=167852","title":{"rendered":"Valeur &#038; Engagement"},"content":{"rendered":"<p>NOS VALEURS<\/p>\n<p>La SDIH d\u00e9veloppe son identit\u00e9 et son dynamisme en pr\u00f4nant des valeurs auxquelles elle croit et se tient, et qui sont:<\/p>\n<blockquote class=\"tr_bq\">\n<ul>\n<li><b><i>L&#8217;esprit de famille: Marque de fabrique de la SDIH. A l&#8217;image de son fondateur, Mr Aliou Sow, l&#8217; entreprise accorde une importance fondamentale \u00e0 cette valeur qui constitue le ciment des relations interprofessionnelles au sein de l&#8217;entreprise;<\/i><\/b><\/li>\n<\/ul>\n<ul>\n<li><b><i>La solidarit\u00e9:Aussi bien au sein de l&#8217;entreprise, par des actions d&#8217;entraide et de dialogue social f\u00e9cond, que dans notre environnement de travail, par une participation active \u00e0 l&#8217;\u00e9panouissement et au bien \u00eatre des populations locales;<\/i><\/b><\/li>\n<\/ul>\n<ul>\n<li><b><i>La qualit\u00e9 du travail: Caract\u00e9ris\u00e9e par une satisfaction totale de nos clients;<\/i><\/b><\/li>\n<\/ul>\n<ul>\n<li><b><i>Le patriotisme et l&#8217;int\u00e9gration africaine: Entreprise convaincue de la qualit\u00e9 de l&#8217;expertise locale et continentale;<\/i><\/b><\/li>\n<li><b><i>La loyaut\u00e9 et la fid\u00e9lit\u00e9: Gage de la permanence de nos effectifs et credo de la Direction G\u00e9n\u00e9rale vis-\u00e0-vis de son personnel. Pour substituer, les valeurs de l&#8217;entreprise doivent \u00eatre partag\u00e9e par tous, guider les actions de tous au quotidien et inspirer chaque choix effectu\u00e9. Chaque collaborateur est un ambassadeur de la SDIH. Il fait et transmet ces valeurs.<\/i><\/b><\/li>\n<\/ul>\n<p>&nbsp;<\/p><\/blockquote>\n<p>NOS ENGAGEMENTS<\/p>\n<div>Que vous soyez des particuliers ou des professionnels, nos \u00e9quipes s&#8217;efforcent tous les jours de r\u00e9pondre \u00e0 vos attentes dans les meilleurs d\u00e9lais et nous nous assurons qu&#8217;elles respectent tous nos engagements, qui sont:<\/div>\n<blockquote class=\"tr_bq\">\n<blockquote class=\"tr_bq\">\n<ul>\n<li><b><i>Disponibilit\u00e9 et r\u00e9activit\u00e9 des \u00e9quipes;<\/i><\/b><\/li>\n<\/ul>\n<ul>\n<li><b><i>Communication permanente avec les propri\u00e9taires et locataires;<\/i><\/b><\/li>\n<\/ul>\n<ul>\n<li><b><i>Rigeur et transparence dans la gestion comptable;<\/i><\/b><\/li>\n<\/ul>\n<ul>\n<li><b><i>Respect des disponibilit\u00e9 l\u00e9gales et r\u00e9glementaires;<\/i><\/b><\/li>\n<\/ul>\n<ul>\n<li><b><i>Impartialit\u00e9 dans le traitement des fournisseurs et des partenaires.<\/i><\/b><\/li>\n<\/ul>\n<\/blockquote>\n<\/blockquote>\n","protected":false},"excerpt":{"rendered":"<p>NOS VALEURS La SDIH d\u00e9veloppe son identit\u00e9 et son dynamisme en pr\u00f4nant des valeurs auxquelles elle croit et se tient, et qui sont: L&#8217;esprit de famille: Marque de fabrique de la SDIH. A l&#8217;image de son fondateur, Mr Aliou Sow, l&#8217; entreprise accorde une importance fondamentale \u00e0 cette valeur qui constitue le ciment des relations [&hellip;]<\/p>\n","protected":false},"author":1,"featured_media":0,"parent":0,"menu_order":0,"comment_status":"closed","ping_status":"closed","template":"","meta":{"footnotes":""},"class_list":["post-167852","page","type-page","status-publish","hentry"],"_links":{"self":[{"href":"http:\/\/sdih-sn.com.c51.previewmysite.eu\/index.php?rest_route=\/wp\/v2\/pages\/167852","targetHints":{"allow":["GET"]}}],"collection":[{"href":"http:\/\/sdih-sn.com.c51.previewmysite.eu\/index.php?rest_route=\/wp\/v2\/pages"}],"about":[{"href":"http:\/\/sdih-sn.com.c51.previewmysite.eu\/index.php?rest_route=\/wp\/v2\/types\/page"}],"author":[{"embeddable":true,"href":"http:\/\/sdih-sn.com.c51.previewmysite.eu\/index.php?rest_route=\/wp\/v2\/users\/1"}],"replies":[{"embeddable":true,"href":"http:\/\/sdih-sn.com.c51.previewmysite.eu\/index.php?rest_route=%2Fwp%2Fv2%2Fcomments&post=167852"}],"version-history":[{"count":2,"href":"http:\/\/sdih-sn.com.c51.previewmysite.eu\/index.php?rest_route=\/wp\/v2\/pages\/167852\/revisions"}],"predecessor-version":[{"id":167854,"href":"http:\/\/sdih-sn.com.c51.previewmysite.eu\/index.php?rest_route=\/wp\/v2\/pages\/167852\/revisions\/167854"}],"wp:attachment":[{"href":"http:\/\/sdih-sn.com.c51.previewmysite.eu\/index.php?rest_route=%2Fwp%2Fv2%2Fmedia&parent=167852"}],"curies":[{"name":"wp","href":"https:\/\/api.w.org\/{rel}","templated":true}]}}